{"id":11,"date":"2015-12-13T10:57:49","date_gmt":"2015-12-13T09:57:49","guid":{"rendered":"http:\/\/www.deconouveau.se\/?page_id=11"},"modified":"2019-11-11T13:10:34","modified_gmt":"2019-11-11T12:10:34","slug":"11-2","status":"publish","type":"page","link":"https:\/\/www.deconouveau.se\/","title":{"rendered":""},"content":{"rendered":"<h5><strong>DecoNouveau &#8211; en liten personlig butik p\u00e5 s\u00f6dermalm<br \/>\n<\/strong><\/h5>\n<p>Butiken st\u00e4nger efter 4 underbara \u00e5r! Passa p\u00e5 att handla dina julklappar till extra bra priser.<\/p>\n<p><span style=\"display: inline !important; float: none; background-color: #ffffff; color: #333333; cursor: text; font-family: -apple-system,BlinkMacSystemFont,'Segoe UI',Roboto,Oxygen-Sans,Ubuntu,Cantarell,'Helvetica Neue',sans-serif; font-size: 16px; font-style: normal; font-variant: normal; font-weight: 400; letter-spacing: normal; orphans: 2; text-align: left; text-decoration: none; text-indent: 0px; text-transform: none; -webkit-text-stroke-width: 0px; white-space: normal; word-spacing: 0px;\">\t\t<div id=\"sbi_mod_error\" >\n\t\t\t<span>This error message is only visible to WordPress admins<\/span><br\/>\n\t\t\t<p><strong>Error: No feed found.<\/strong>\n\t\t\t<p>Please go to the Instagram Feed settings page to create a feed.<\/p>\n\t\t<\/div>\n\t\t<\/span><\/p>\n","protected":false},"excerpt":{"rendered":"<p>DecoNouveau &#8211; en liten personlig butik p\u00e5 s\u00f6dermalm Butiken st\u00e4nger efter 4 underbara \u00e5r! Passa p\u00e5 att handla dina julklappar till extra bra priser.<\/p>\n","protected":false},"author":1,"featured_media":0,"parent":0,"menu_order":0,"comment_status":"closed","ping_status":"closed","template":"","meta":{"jetpack_post_was_ever_published":false,"footnotes":""},"class_list":["post-11","page","type-page","status-publish","hentry"],"jetpack_sharing_enabled":true,"jetpack_shortlink":"https:\/\/wp.me\/P9tXEA-b","_links":{"self":[{"href":"https:\/\/www.deconouveau.se\/index.php?rest_route=\/wp\/v2\/pages\/11","targetHints":{"allow":["GET"]}}],"collection":[{"href":"https:\/\/www.deconouveau.se\/index.php?rest_route=\/wp\/v2\/pages"}],"about":[{"href":"https:\/\/www.deconouveau.se\/index.php?rest_route=\/wp\/v2\/types\/page"}],"author":[{"embeddable":true,"href":"https:\/\/www.deconouveau.se\/index.php?rest_route=\/wp\/v2\/users\/1"}],"replies":[{"embeddable":true,"href":"https:\/\/www.deconouveau.se\/index.php?rest_route=%2Fwp%2Fv2%2Fcomments&post=11"}],"version-history":[{"count":42,"href":"https:\/\/www.deconouveau.se\/index.php?rest_route=\/wp\/v2\/pages\/11\/revisions"}],"predecessor-version":[{"id":388,"href":"https:\/\/www.deconouveau.se\/index.php?rest_route=\/wp\/v2\/pages\/11\/revisions\/388"}],"wp:attachment":[{"href":"https:\/\/www.deconouveau.se\/index.php?rest_route=%2Fwp%2Fv2%2Fmedia&parent=11"}],"curies":[{"name":"wp","href":"https:\/\/api.w.org\/{rel}","templated":true}]}}